{"id":1465,"date":"2024-12-03T17:08:57","date_gmt":"2024-12-03T16:08:57","guid":{"rendered":"http:\/\/178.170.38.7:8443\/?page_id=1465"},"modified":"2026-02-23T14:34:27","modified_gmt":"2026-02-23T13:34:27","slug":"mentions-legales","status":"publish","type":"page","link":"https:\/\/ido.construction\/index.php\/mentions-legales\/","title":{"rendered":"Mentions l\u00e9gales"},"content":{"rendered":"\t\t<div data-elementor-type=\"wp-page\" data-elementor-id=\"1465\" class=\"elementor elementor-1465\" data-elementor-post-type=\"page\">\n\t\t\t\t<div class=\"elementor-element elementor-element-3c76330f e-flex e-con-boxed wpr-particle-no wpr-jarallax-no wpr-parallax-no wpr-sticky-section-no e-con e-parent\" data-id=\"3c76330f\" data-element_type=\"container\">\n\t\t\t\t\t<div class=\"e-con-inner\">\n\t\t\t\t<div class=\"elementor-element elementor-element-f15d2be elementor-widget elementor-widget-text-editor\" data-id=\"f15d2be\" data-element_type=\"widget\" data-widget_type=\"text-editor.default\">\n\t\t\t\t<div class=\"elementor-widget-container\">\n\t\t\t\t\t\t\t\t\t\n<h3 class=\"wp-block-heading\">Mentions l\u00e9gales<\/h3>\n\n<h4 class=\"wp-block-heading\">IDENTIT\u00c9<\/h4>\n\n<p>Nom du site web : IDO<br \/>Adresse internet : <a href=\"https:\/\/ido.construction\/\">https:\/\/ido.construction\/<\/a><\/p>\n\n<p>PROPRI\u00c9TAIRE<\/p>\n\n<p>Le site web, le design, le code et le contenu sont la propri\u00e9t\u00e9 exclusive de I.D.O. EI<br \/>I.D.O. EI<br \/>774 chemin de La Marchi\u00e8re<br \/>73100 SAINT-OFFENGE<br \/>Contact : contact@ido.construction<br \/>Responsable de publication : Olivier STRAUB.<br \/>Conception et r\u00e9alisation : Emmanuel CACHEUX, Titouan et Olivier STRAUB.<\/p>\n\n<h4 class=\"wp-block-heading\">H\u00c9BERGEMENT<\/h4>\n\n<p>IKOULA<br \/>2 Cit\u00e9 Paradis<br \/>75010 Paris<br \/>FRANCE<br \/>SAS au capital de 181 260 \u20ac<br \/>RCS PARIS 417 680 618<br \/>TVA FR37417680618<br \/>Pour contacter Ikoula :<br \/><a href=\"https:\/\/www.ikoula.com\/fr\">https:\/\/www.ikoula.com\/fr<\/a><br \/>Support technique : support@ikoula.com ou 01 84 01 02 50<br \/>Service commercial : sales@ikoula.com ou 01 84 01 02 50<\/p>\n\t\t\t\t\t\t\t\t<\/div>\n\t\t\t\t<\/div>\n\t\t\t\t<div class=\"elementor-element elementor-element-c4176a1 elementor-widget elementor-widget-menu-anchor\" data-id=\"c4176a1\" data-element_type=\"widget\" data-widget_type=\"menu-anchor.default\">\n\t\t\t\t<div class=\"elementor-widget-container\">\n\t\t\t\t\t\t\t<div class=\"elementor-menu-anchor\" id=\"conditions_utilisation\"><\/div>\n\t\t\t\t\t\t<\/div>\n\t\t\t\t<\/div>\n\t\t\t\t<div class=\"elementor-element elementor-element-3728852 elementor-widget elementor-widget-text-editor\" data-id=\"3728852\" data-element_type=\"widget\" data-widget_type=\"text-editor.default\">\n\t\t\t\t<div class=\"elementor-widget-container\">\n\t\t\t\t\t\t\t\t\t\n<h4 class=\"wp-block-heading\">CONDITIONS D&rsquo;UTILISATION<\/h4>\n\n<p>L\u2019utilisation du pr\u00e9sent site implique l\u2019acceptation pleine et enti\u00e8re des conditions g\u00e9n\u00e9rales d\u2019utilisation d\u00e9crites ci-apr\u00e8s. Ces conditions d\u2019utilisation sont susceptibles d\u2019\u00eatre modifi\u00e9es ou compl\u00e9t\u00e9es \u00e0 tout moment.<br \/>Informations : Les informations et documents du site sont pr\u00e9sent\u00e9s \u00e0 titre indicatif, n\u2019ont pas de caract\u00e8re exhaustif, contractuel et ne peuvent engager la responsabilit\u00e9 du propri\u00e9taire du site.<br \/>Le propri\u00e9taire du site ne peut \u00eatre tenu responsable des dommages directs et indirects cons\u00e9cutifs \u00e0 l\u2019acc\u00e8s au site, ni \u00e0 l&rsquo;interruption de l&rsquo;acc\u00e8s au site.<\/p>\n\n<h5 class=\"wp-block-heading\">Interactivit\u00e9<\/h5>\n\n<p>Lorsque les utilisateurs du site peuvent d\u00e9poser du contenu, apparaissant sur le site dans des espaces d\u00e9di\u00e9s (notamment via les commentaires), le contenu d\u00e9pos\u00e9 reste sous la responsabilit\u00e9 de leurs auteurs, qui en assument pleinement l\u2019enti\u00e8re responsabilit\u00e9 juridique.<br \/>Le propri\u00e9taire du site se r\u00e9serve n\u00e9anmoins le droit de retirer sans pr\u00e9avis et sans justification tout contenu d\u00e9pos\u00e9 par les utilisateurs qui ne satisferait pas \u00e0 la d\u00e9ontologie du site ou \u00e0 la l\u00e9gislation en vigueur.<\/p>\n\n<h5 class=\"wp-block-heading\">Propri\u00e9t\u00e9 intellectuelle<\/h5>\n\n<p>Sauf mention contraire, tous les \u00e9l\u00e9ments accessibles sur le site (mod\u00e8les num\u00e9riques 3D, textes, plans, images, vid\u00e9os, graphismes, logo, ic\u00f4nes, sons, logiciels, etc.) restent la propri\u00e9t\u00e9 exclusive de IDO et de ses clients, en ce qui concerne les droits de propri\u00e9t\u00e9 intellectuelle et les droits d\u2019usage.<br \/>Toute reproduction, repr\u00e9sentation, modification, publication, adaptation de tout ou partie des \u00e9l\u00e9ments du site, quel que soit le moyen ou le proc\u00e9d\u00e9 utilis\u00e9, est interdite, sauf autorisation \u00e9crite pr\u00e9alable de IDO.<br \/>Toute exploitation non autoris\u00e9e du site ou de l\u2019un quelconque des \u00e9l\u00e9ments qu\u2019il contient est consid\u00e9r\u00e9e comme constitutive d\u2019une contrefa\u00e7on et pourra faire l&rsquo;objet de poursuites.<br \/>En particulier le t\u00e9l\u00e9chargement, de quelque fa\u00e7on que ce soit, des mod\u00e8les num\u00e9riques pr\u00e9sent\u00e9s dans la visionneuse est interdit, m\u00eame par les clients qui ont obtenus un lien d&rsquo;acc\u00e8s particulier. Les clients qui souhaitent obtenir le mod\u00e8le num\u00e9rique \u00e0 jour de leur affaires trait\u00e9es par IDO doivent en faire la demande \u00e0 : contact@ido.construction.<br \/>Les marques et logos reproduits sur le site sont d\u00e9pos\u00e9s par les soci\u00e9t\u00e9s qui en sont propri\u00e9taires.<\/p>\n\n<h5 class=\"wp-block-heading\">Visionneuse 3D<\/h5>\n\n<p>Le fonctionnement de la <a href=\"https:\/\/ido.construction\/index.php\/visionneuse-3d\/\">Visionneuse 3D<\/a> n&rsquo;est pas garanti sur tous les appareils (certain appareil mobile en particulier). La continuit\u00e9 de l&rsquo;acc\u00e8s peut \u00eatre interrompue \u00e0 tout moment pour des raisons politiques ou techniques, en particulier lors des mises \u00e0 jours. L&rsquo;acc\u00e8s \u00e0 la Visionneuse 3D est sensible au d\u00e9bit internet est est susceptible d&rsquo;\u00eatre affect\u00e9, voire impossible dans les zones de faible couverture du r\u00e9seau mobile. Le propri\u00e9taire du site ne peut \u00eatre tenu responsable des cons\u00e9quences li\u00e9es \u00e0 une interruption d&rsquo;acc\u00e8s \u00e0 la Visionneuse 3D et les clients sont tenus de toujours pr\u00e9voir une solution compl\u00e9mentaire pour leur production (plans 2D transmis dans le cadre de l&rsquo;\u00e9tude, le mod\u00e8le num\u00e9rique t\u00e9l\u00e9charg\u00e9 sur leur appareil&#8230;). Les clients sont tenus de toujours v\u00e9rifier que la version consult\u00e9 sur la Visionneuse 3D est bien la derni\u00e8re version \u00e0 jour.<br \/>Le t\u00e9l\u00e9chargement, de quelque fa\u00e7on que ce soit, des mod\u00e8les num\u00e9riques pr\u00e9sent\u00e9s dans la Visionneuse 3D est interdit, m\u00eame par les clients qui ont obtenus un lien d&rsquo;acc\u00e8s particulier. Les clients qui souhaitent obtenir le mod\u00e8le num\u00e9rique \u00e0 jour de leurs affaires trait\u00e9es par IDO doivent en faire la demande \u00e0 : contact@ido.construction.<br \/>Pour des raisons techniques li\u00e9es aux param\u00e9trages et \u00e0 l&rsquo;interop\u00e9rabilit\u00e9 parfois limit\u00e9s des formats d&rsquo;export, les mod\u00e8les num\u00e9riques consultables dans la Visionneuse 3D ne sont pas contractuels. Seuls les plans 2D avec cartouche transmis par IDO dans le cadre des \u00e9tudes font foi.<br \/>Pour les m\u00eames raisons, les visiteurs du site qui utilise la Visionneuse 3D pour consulter leurs propres mod\u00e8les IFC apr\u00e8s les avoir import\u00e9 ne peuvent pas en faire d&rsquo;usage contractuel aupr\u00e8s de tiers. L&rsquo;utilisation de la Visionneuse 3D dans ce cadre est exclusivement indicative et ne peut \u00eatre exploit\u00e9 \u00e0 des fins de production, de chiffrage ou commerciales par les visiteurs.<br \/>La visionneuse 3D est une application qui a \u00e9t\u00e9 d\u00e9velopp\u00e9e sur la base du projet open source IFC.js propos\u00e9 par That Open Company. Le d\u00e9veloppement compl\u00e9mentaire effectu\u00e9 par IDO pour cr\u00e9er la Visionneuse 3D adapt\u00e9e \u00e0 ses besoins telle qu&rsquo;elle se pr\u00e9sente sur le site reste actuellement la propri\u00e9t\u00e9 de IDO.<\/p>\n\n<h5 class=\"wp-block-heading\">Liens<\/h5>\n\n<p>Liens sortants :<br \/>Le propri\u00e9taire du site d\u00e9cline toute responsabilit\u00e9 et n\u2019est pas engag\u00e9 par le r\u00e9f\u00e9rencement via des liens hypertextes, de ressources tierces pr\u00e9sentes sur le r\u00e9seau Internet, tant en ce qui concerne leur contenu que leur pertinence.<\/p>\n\n<p>Liens entrants :<br \/>Le propri\u00e9taire du site autorise les liens hypertextes vers l\u2019une des pages de ce site, \u00e0 condition que ceux-ci ouvrent une nouvelle fen\u00eatre et soient pr\u00e9sent\u00e9s de mani\u00e8re non \u00e9quivoque afin d\u2019\u00e9viter :<\/p>\n\n<ul class=\"wp-block-list\">\n<li>Tout risque de confusion entre le site citant et le propri\u00e9taire du site,<\/li>\n\n<li>Toute pr\u00e9sentation tendancieuse, ou contraire aux lois en vigueur.<\/li>\n<\/ul>\n\n<p>Le propri\u00e9taire du site se r\u00e9serve le droit de demander la suppression d\u2019un lien s\u2019il estime que le site source ne respecte pas les r\u00e8gles ainsi d\u00e9finies.<\/p>\n\t\t\t\t\t\t\t\t<\/div>\n\t\t\t\t<\/div>\n\t\t\t\t<div class=\"elementor-element elementor-element-e0573c6 e-transform e-transform elementor-widget elementor-widget-menu-anchor\" data-id=\"e0573c6\" data-element_type=\"widget\" data-settings=\"{&quot;_transform_translateX_effect&quot;:{&quot;unit&quot;:&quot;rem&quot;,&quot;size&quot;:-5,&quot;sizes&quot;:[]},&quot;_transform_translateX_effect_tablet&quot;:{&quot;unit&quot;:&quot;rem&quot;,&quot;size&quot;:&quot;&quot;,&quot;sizes&quot;:[]},&quot;_transform_translateX_effect_mobile&quot;:{&quot;unit&quot;:&quot;rem&quot;,&quot;size&quot;:&quot;&quot;,&quot;sizes&quot;:[]},&quot;_transform_translateY_effect&quot;:{&quot;unit&quot;:&quot;px&quot;,&quot;size&quot;:&quot;&quot;,&quot;sizes&quot;:[]},&quot;_transform_translateY_effect_tablet&quot;:{&quot;unit&quot;:&quot;px&quot;,&quot;size&quot;:&quot;&quot;,&quot;sizes&quot;:[]},&quot;_transform_translateY_effect_mobile&quot;:{&quot;unit&quot;:&quot;px&quot;,&quot;size&quot;:&quot;&quot;,&quot;sizes&quot;:[]},&quot;_transform_skewX_effect&quot;:{&quot;unit&quot;:&quot;px&quot;,&quot;size&quot;:&quot;&quot;,&quot;sizes&quot;:[]},&quot;_transform_skewX_effect_tablet&quot;:{&quot;unit&quot;:&quot;deg&quot;,&quot;size&quot;:&quot;&quot;,&quot;sizes&quot;:[]},&quot;_transform_skewX_effect_mobile&quot;:{&quot;unit&quot;:&quot;deg&quot;,&quot;size&quot;:&quot;&quot;,&quot;sizes&quot;:[]},&quot;_transform_skewY_effect&quot;:{&quot;unit&quot;:&quot;px&quot;,&quot;size&quot;:&quot;&quot;,&quot;sizes&quot;:[]},&quot;_transform_skewY_effect_tablet&quot;:{&quot;unit&quot;:&quot;deg&quot;,&quot;size&quot;:&quot;&quot;,&quot;sizes&quot;:[]},&quot;_transform_skewY_effect_mobile&quot;:{&quot;unit&quot;:&quot;deg&quot;,&quot;size&quot;:&quot;&quot;,&quot;sizes&quot;:[]}}\" data-widget_type=\"menu-anchor.default\">\n\t\t\t\t<div class=\"elementor-widget-container\">\n\t\t\t\t\t\t\t<div class=\"elementor-menu-anchor\" id=\"confidentialite\"><\/div>\n\t\t\t\t\t\t<\/div>\n\t\t\t\t<\/div>\n\t\t\t\t<div class=\"elementor-element elementor-element-d1f185d elementor-widget elementor-widget-text-editor\" data-id=\"d1f185d\" data-element_type=\"widget\" data-widget_type=\"text-editor.default\">\n\t\t\t\t<div class=\"elementor-widget-container\">\n\t\t\t\t\t\t\t\t\t\n<h4 class=\"wp-block-heading\">R\u00c8GLES DE CONFIDENTIALIT\u00c9<\/h4>\n\n<p>Afin de permettre \u00e0 ses clients d&rsquo;acc\u00e9der \u00e0 la visualisation des mod\u00e8les num\u00e9riques et documents d&rsquo;ex\u00e9cution des affaires dont il sont les commanditaires, le site recueille exclusivement les informations suivantes afin de s&rsquo;identifier :<\/p>\n\n<ul class=\"wp-block-list\">\n<li>Raison sociale de l&rsquo;entreprise (pour les personnes morales) ou nom du client (pour les personnes physiques) ;<\/li>\n\n<li>Nom et pr\u00e9nom du contact ;<\/li>\n\n<li>Adresse courriel du contact ;<\/li>\n\n<li>Mot de passe de connexion.<\/li>\n<\/ul>\n\n<p>La collecte et la conservation de ses donn\u00e9es ne sont pas assujetties \u00e0 d\u00e9claration aupr\u00e8s de la CNIL.<br \/>Ces donn\u00e9es sont effac\u00e9es au plus tard 3 ans apr\u00e8s la fin de la relation contractuelle entre IDO et le client.<br \/>Tout utilisateur dispose d\u2019un droit d\u2019acc\u00e8s, de rectification et d\u2019opposition aux donn\u00e9es personnelles le concernant, en effectuant sa demande \u00e9crite et sign\u00e9e, accompagn\u00e9e d\u2019une preuve d\u2019identit\u00e9 \u00e0 l&rsquo;adresse : contact@ido.construction.<\/p>\n\n<h4 class=\"wp-block-heading\">FIN.<\/h4>\n\t\t\t\t\t\t\t\t<\/div>\n\t\t\t\t<\/div>\n\t\t\t\t\t<\/div>\n\t\t\t\t<\/div>\n\t\t\t\t<\/div>\n\t\t","protected":false},"excerpt":{"rendered":"<p>Mentions l\u00e9gales IDENTIT\u00c9 Nom du site web : IDOAdresse internet : https:\/\/ido.construction\/ PROPRI\u00c9TAIRE Le site web, le design, le code et le contenu sont la propri\u00e9t\u00e9 exclusive de I.D.O. EII.D.O. EI774 chemin de La Marchi\u00e8re73100 SAINT-OFFENGEContact : contact@ido.constructionResponsable de publication : Olivier STRAUB.Conception et r\u00e9alisation : Emmanuel CACHEUX, Titouan et Olivier STRAUB. H\u00c9BERGEMENT IKOULA2 Cit\u00e9 Paradis75010 ParisFRANCESAS au capital de 181 260 \u20acRCS PARIS 417 680 618TVA FR37417680618Pour contacter Ikoula :https:\/\/www.ikoula.com\/frSupport technique : support@ikoula.com ou 01 84 01 02 50Service commercial : sales@ikoula.com ou 01 84 01 02 50 CONDITIONS D&rsquo;UTILISATION L\u2019utilisation du pr\u00e9sent site implique l\u2019acceptation pleine et enti\u00e8re des conditions g\u00e9n\u00e9rales d\u2019utilisation d\u00e9crites ci-apr\u00e8s. Ces conditions d\u2019utilisation sont susceptibles d\u2019\u00eatre modifi\u00e9es ou compl\u00e9t\u00e9es \u00e0 tout moment.Informations : Les informations et documents du site sont pr\u00e9sent\u00e9s \u00e0 titre indicatif, n\u2019ont pas de caract\u00e8re exhaustif, contractuel et ne peuvent engager la responsabilit\u00e9 du propri\u00e9taire du site.Le propri\u00e9taire du site ne peut \u00eatre tenu responsable des dommages directs et indirects cons\u00e9cutifs \u00e0 l\u2019acc\u00e8s au site, ni \u00e0 l&rsquo;interruption de l&rsquo;acc\u00e8s au site. Interactivit\u00e9 Lorsque les utilisateurs du site peuvent d\u00e9poser du contenu, apparaissant sur le site dans des espaces d\u00e9di\u00e9s (notamment via les commentaires), le contenu d\u00e9pos\u00e9 reste sous la responsabilit\u00e9 de leurs auteurs, qui en assument pleinement l\u2019enti\u00e8re responsabilit\u00e9 juridique.Le propri\u00e9taire du site se r\u00e9serve n\u00e9anmoins le droit de retirer sans pr\u00e9avis et sans justification tout contenu d\u00e9pos\u00e9 par les utilisateurs qui ne satisferait pas \u00e0 la d\u00e9ontologie du site ou \u00e0 la l\u00e9gislation en vigueur. Propri\u00e9t\u00e9 intellectuelle Sauf mention contraire, tous les \u00e9l\u00e9ments accessibles sur le site (mod\u00e8les num\u00e9riques 3D, textes, plans, images, vid\u00e9os, graphismes, logo, ic\u00f4nes, sons, logiciels, etc.) restent la propri\u00e9t\u00e9 exclusive de IDO et de ses clients, en ce qui concerne les droits de propri\u00e9t\u00e9 intellectuelle et les droits d\u2019usage.Toute reproduction, repr\u00e9sentation, modification, publication, adaptation de tout ou partie des \u00e9l\u00e9ments du site, quel que soit le moyen ou le proc\u00e9d\u00e9 utilis\u00e9, est interdite, sauf autorisation \u00e9crite pr\u00e9alable de IDO.Toute exploitation non autoris\u00e9e du site ou de l\u2019un quelconque des \u00e9l\u00e9ments qu\u2019il contient est consid\u00e9r\u00e9e comme constitutive d\u2019une contrefa\u00e7on et pourra faire l&rsquo;objet de poursuites.En particulier le t\u00e9l\u00e9chargement, de quelque fa\u00e7on que ce soit, des mod\u00e8les num\u00e9riques pr\u00e9sent\u00e9s dans la visionneuse est interdit, m\u00eame par les clients qui ont obtenus un lien d&rsquo;acc\u00e8s particulier. Les clients qui souhaitent obtenir le mod\u00e8le num\u00e9rique \u00e0 jour de leur affaires trait\u00e9es par IDO doivent en faire la demande \u00e0 : contact@ido.construction.Les marques et logos reproduits sur le site sont d\u00e9pos\u00e9s par les soci\u00e9t\u00e9s qui en sont propri\u00e9taires. Visionneuse 3D Le fonctionnement de la Visionneuse 3D n&rsquo;est pas garanti sur tous les appareils (certain appareil mobile en particulier). La continuit\u00e9 de l&rsquo;acc\u00e8s peut \u00eatre interrompue \u00e0 tout moment pour des raisons politiques ou techniques, en particulier lors des mises \u00e0 jours. L&rsquo;acc\u00e8s \u00e0 la Visionneuse 3D est sensible au d\u00e9bit internet est est susceptible d&rsquo;\u00eatre affect\u00e9, voire impossible dans les zones de faible couverture du r\u00e9seau mobile. Le propri\u00e9taire du site ne peut \u00eatre tenu responsable des cons\u00e9quences li\u00e9es \u00e0 une interruption d&rsquo;acc\u00e8s \u00e0 la Visionneuse 3D et les clients sont tenus de toujours pr\u00e9voir une solution compl\u00e9mentaire pour leur production (plans 2D transmis dans le cadre de l&rsquo;\u00e9tude, le mod\u00e8le num\u00e9rique t\u00e9l\u00e9charg\u00e9 sur leur appareil&#8230;). Les clients sont tenus de toujours v\u00e9rifier que la version consult\u00e9 sur la Visionneuse 3D est bien la derni\u00e8re version \u00e0 jour.Le t\u00e9l\u00e9chargement, de quelque fa\u00e7on que ce soit, des mod\u00e8les num\u00e9riques pr\u00e9sent\u00e9s dans la Visionneuse 3D est interdit, m\u00eame par les clients qui ont obtenus un lien d&rsquo;acc\u00e8s particulier. Les clients qui souhaitent obtenir le mod\u00e8le num\u00e9rique \u00e0 jour de leurs affaires trait\u00e9es par IDO doivent en faire la demande \u00e0 : contact@ido.construction.Pour des raisons techniques li\u00e9es aux param\u00e9trages et \u00e0 l&rsquo;interop\u00e9rabilit\u00e9 parfois limit\u00e9s des formats d&rsquo;export, les mod\u00e8les num\u00e9riques consultables dans la Visionneuse 3D ne sont pas contractuels. Seuls les plans 2D avec cartouche transmis par IDO dans le cadre des \u00e9tudes font foi.Pour les m\u00eames raisons, les visiteurs du site qui utilise la Visionneuse 3D pour consulter leurs propres mod\u00e8les IFC apr\u00e8s les avoir import\u00e9 ne peuvent pas en faire d&rsquo;usage contractuel aupr\u00e8s de tiers. L&rsquo;utilisation de la Visionneuse 3D dans ce cadre est exclusivement indicative et ne peut \u00eatre exploit\u00e9 \u00e0 des fins de production, de chiffrage ou commerciales par les visiteurs.La visionneuse 3D est une application qui a \u00e9t\u00e9 d\u00e9velopp\u00e9e sur la base du projet open source IFC.js propos\u00e9 par That Open Company. Le d\u00e9veloppement compl\u00e9mentaire effectu\u00e9 par IDO pour cr\u00e9er la Visionneuse 3D adapt\u00e9e \u00e0 ses besoins telle qu&rsquo;elle se pr\u00e9sente sur le site reste actuellement la propri\u00e9t\u00e9 de IDO. Liens Liens sortants :Le propri\u00e9taire du site d\u00e9cline toute responsabilit\u00e9 et n\u2019est pas engag\u00e9 par le r\u00e9f\u00e9rencement via des liens hypertextes, de ressources tierces pr\u00e9sentes sur le r\u00e9seau Internet, tant en ce qui concerne leur contenu que leur pertinence. Liens entrants :Le propri\u00e9taire du site autorise les liens hypertextes vers l\u2019une des pages de ce site, \u00e0 condition que ceux-ci ouvrent une nouvelle fen\u00eatre et soient pr\u00e9sent\u00e9s de mani\u00e8re non \u00e9quivoque afin d\u2019\u00e9viter : Le propri\u00e9taire du site se r\u00e9serve le droit de demander la suppression d\u2019un lien s\u2019il estime que le site source ne respecte pas les r\u00e8gles ainsi d\u00e9finies. R\u00c8GLES DE CONFIDENTIALIT\u00c9 Afin de permettre \u00e0 ses clients d&rsquo;acc\u00e9der \u00e0 la visualisation des mod\u00e8les num\u00e9riques et documents d&rsquo;ex\u00e9cution des affaires dont il sont les commanditaires, le site recueille exclusivement les informations suivantes afin de s&rsquo;identifier : La collecte et la conservation de ses donn\u00e9es ne sont pas assujetties \u00e0 d\u00e9claration aupr\u00e8s de la CNIL.Ces donn\u00e9es sont effac\u00e9es au plus tard 3 ans apr\u00e8s la fin de la relation contractuelle entre IDO et le client.Tout utilisateur dispose d\u2019un droit d\u2019acc\u00e8s, de rectification et d\u2019opposition aux donn\u00e9es personnelles le concernant, en effectuant sa demande \u00e9crite et sign\u00e9e, accompagn\u00e9e d\u2019une preuve d\u2019identit\u00e9 \u00e0 l&rsquo;adresse : contact@ido.construction. FIN.<\/p>\n","protected":false},"author":2,"featured_media":0,"parent":0,"menu_order":0,"comment_status":"closed","ping_status":"closed","template":"","meta":{"footnotes":""},"class_list":["post-1465","page","type-page","status-publish","hentry","entry"],"_links":{"self":[{"href":"https:\/\/ido.construction\/index.php\/wp-json\/wp\/v2\/pages\/1465","targetHints":{"allow":["GET"]}}],"collection":[{"href":"https:\/\/ido.construction\/index.php\/wp-json\/wp\/v2\/pages"}],"about":[{"href":"https:\/\/ido.construction\/index.php\/wp-json\/wp\/v2\/types\/page"}],"author":[{"embeddable":true,"href":"https:\/\/ido.construction\/index.php\/wp-json\/wp\/v2\/users\/2"}],"replies":[{"embeddable":true,"href":"https:\/\/ido.construction\/index.php\/wp-json\/wp\/v2\/comments?post=1465"}],"version-history":[{"count":102,"href":"https:\/\/ido.construction\/index.php\/wp-json\/wp\/v2\/pages\/1465\/revisions"}],"predecessor-version":[{"id":3033,"href":"https:\/\/ido.construction\/index.php\/wp-json\/wp\/v2\/pages\/1465\/revisions\/3033"}],"wp:attachment":[{"href":"https:\/\/ido.construction\/index.php\/wp-json\/wp\/v2\/media?parent=1465"}],"curies":[{"name":"wp","href":"https:\/\/api.w.org\/{rel}","templated":true}]}}